{"id":346,"date":"2023-12-04T19:18:35","date_gmt":"2023-12-04T19:18:35","guid":{"rendered":"https:\/\/bomberosambato.gob.ec\/wordpress_F\/?page_id=346"},"modified":"2026-02-12T14:42:30","modified_gmt":"2026-02-12T14:42:30","slug":"transparencia","status":"publish","type":"page","link":"https:\/\/bomberosambato.gob.ec\/wordpress_F\/transparencia\/","title":{"rendered":"Transparencia"},"content":{"rendered":"<p>[et_pb_section fb_built=&#8221;1&#8243; _builder_version=&#8221;4.22.2&#8243; _module_preset=&#8221;default&#8221; global_colors_info=&#8221;{}&#8221;][et_pb_row _builder_version=&#8221;4.22.2&#8243; _module_preset=&#8221;default&#8221; global_colors_info=&#8221;{}&#8221;][et_pb_column type=&#8221;4_4&#8243; _builder_version=&#8221;4.22.2&#8243; _module_preset=&#8221;default&#8221; global_colors_info=&#8221;{}&#8221;][et_pb_text _builder_version=&#8221;4.22.2&#8243; _module_preset=&#8221;default&#8221; global_colors_info=&#8221;{}&#8221;]<\/p>\n<h2>Transparencia de informaci\u00f3n<\/h2>\n<p>[\/et_pb_text][\/et_pb_column][\/et_pb_row][et_pb_row column_structure=&#8221;1_2,1_2&#8243; _builder_version=&#8221;4.22.2&#8243; _module_preset=&#8221;default&#8221; global_colors_info=&#8221;{}&#8221;][et_pb_column type=&#8221;1_2&#8243; _builder_version=&#8221;4.22.2&#8243; _module_preset=&#8221;default&#8221; global_colors_info=&#8221;{}&#8221;][et_pb_text _builder_version=&#8221;4.22.2&#8243; _module_preset=&#8221;default&#8221; global_colors_info=&#8221;{}&#8221;]<\/p>\n<p>Por la transparencia en la gesti\u00f3n administrativa que est\u00e1n obligadas a observar todas las instituciones del Estado que conforman el sector p\u00fablico en los t\u00e9rminos del (art\u00edculo 225 de la Constituci\u00f3n Pol\u00edtica de la Rep\u00fablica) y dem\u00e1s entes se\u00f1alados en el art\u00edculo 1 de la presente Ley, difundir\u00e1n a trav\u00e9s de un portal de informaci\u00f3n o p\u00e1gina web, as\u00ed como de los medios necesarios a disposici\u00f3n del p\u00fablico implementados en la misma instituci\u00f3n<\/p>\n<p>[\/et_pb_text][\/et_pb_column][et_pb_column type=&#8221;1_2&#8243; _builder_version=&#8221;4.22.2&#8243; _module_preset=&#8221;default&#8221; global_colors_info=&#8221;{}&#8221;][et_pb_image src=&#8221;https:\/\/bomberosambato.gob.ec\/wordpress_F\/wp-content\/uploads\/2023\/12\/OIP.jpg&#8221; title_text=&#8221;OIP&#8221; _builder_version=&#8221;4.22.2&#8243; _module_preset=&#8221;default&#8221; global_colors_info=&#8221;{}&#8221;][\/et_pb_image][\/et_pb_column][\/et_pb_row][et_pb_row _builder_version=&#8221;4.22.2&#8243; _module_preset=&#8221;default&#8221; global_colors_info=&#8221;{}&#8221;][et_pb_column type=&#8221;4_4&#8243; _builder_version=&#8221;4.22.2&#8243; _module_preset=&#8221;default&#8221; global_colors_info=&#8221;{}&#8221;][et_pb_tabs _builder_version=&#8221;4.22.2&#8243; _module_preset=&#8221;default&#8221; hover_enabled=&#8221;0&#8243; global_colors_info=&#8221;{}&#8221; sticky_enabled=&#8221;0&#8243;][et_pb_tab title=&#8221;2026&#8243; _builder_version=&#8221;4.22.2&#8243; _module_preset=&#8221;default&#8221; link_option_url=&#8221;https:\/\/bomberosambato.gob.ec\/wordpress_F\/transparencia-2024\/&#8221; hover_enabled=&#8221;0&#8243; global_colors_info=&#8221;{}&#8221; sticky_enabled=&#8221;0&#8243;]<\/p>\n<p><a href=\"https:\/\/bomberosambato.gob.ec\/wordpress_F\/transparencia-2026\/\">Informacion 2026<\/a><\/p>\n<p>[\/et_pb_tab][et_pb_tab title=&#8221;2025&#8243; _builder_version=&#8221;4.22.2&#8243; _module_preset=&#8221;default&#8221; link_option_url=&#8221;https:\/\/bomberosambato.gob.ec\/wordpress_F\/transparencia-2024\/&#8221; global_colors_info=&#8221;{}&#8221;]<\/p>\n<p><a href=\"https:\/\/bomberosambato.gob.ec\/wordpress_F\/transparencia-2025\/\">Informacion 2025<\/a><\/p>\n<p>[\/et_pb_tab][et_pb_tab title=&#8221;2024&#8243; _builder_version=&#8221;4.22.2&#8243; _module_preset=&#8221;default&#8221; link_option_url=&#8221;https:\/\/bomberosambato.gob.ec\/wordpress_F\/transparencia-2024\/&#8221; global_colors_info=&#8221;{}&#8221;]<\/p>\n<p><a href=\"https:\/\/bomberosambato.gob.ec\/wordpress_F\/transparencia-2024\/\">Informacion 2024<\/a><\/p>\n<p>[\/et_pb_tab][et_pb_tab title=&#8221;2023&#8243; _builder_version=&#8221;4.22.2&#8243; _module_preset=&#8221;default&#8221; link_option_url=&#8221;https:\/\/bomberosambato.gob.ec\/wordpress_F\/transparencia-2023\/&#8221; global_colors_info=&#8221;{}&#8221;]<\/p>\n<p><a href=\"https:\/\/bomberosambato.gob.ec\/wordpress_F\/transparencia-2023\/\">Infromacion 2023<\/a><\/p>\n<p>[\/et_pb_tab][et_pb_tab title=&#8221;2022&#8243; _builder_version=&#8221;4.22.2&#8243; _module_preset=&#8221;default&#8221; link_option_url=&#8221;https:\/\/bomberosambato.gob.ec\/wordpress_F\/transparencia-2022\/&#8221; global_colors_info=&#8221;{}&#8221;]<\/p>\n<p><a href=\"https:\/\/bomberosambato.gob.ec\/wordpress_F\/transparencia-2022\/\">Infromacion 2022<\/a><\/p>\n<p>[\/et_pb_tab][et_pb_tab title=&#8221;2021&#8243; _builder_version=&#8221;4.22.2&#8243; _module_preset=&#8221;default&#8221; link_option_url=&#8221;https:\/\/bomberosambato.gob.ec\/wordpress_F\/transparencia-2021\/&#8221; global_colors_info=&#8221;{}&#8221;]<\/p>\n<p><a href=\"https:\/\/bomberosambato.gob.ec\/wordpress_F\/transparencia-2021\/\">Infromacion 2021<\/a><\/p>\n<p>[\/et_pb_tab][\/et_pb_tabs][\/et_pb_column][\/et_pb_row][\/et_pb_section]<\/p>\n","protected":false},"excerpt":{"rendered":"<p>Transparencia de informaci\u00f3n Por la transparencia en&#8230;<\/p>\n","protected":false},"author":1,"featured_media":0,"parent":0,"menu_order":0,"comment_status":"closed","ping_status":"closed","template":"templates\/fullwidth.php","meta":{"_et_pb_use_builder":"on","_et_pb_old_content":"<!-- wp:pagelayer\/pl_row {\"stretch\":\"auto\",\"col_gap\":10,\"width_content\":\"auto\",\"row_height\":\"default\",\"overlay_hover_delay\":400,\"row_shape_top_color\":\"#227bc3\",\"row_shape_top_width\":100,\"row_shape_top_height\":100,\"row_shape_bottom_color\":\"#e44993\",\"row_shape_bottom_width\":100,\"row_shape_bottom_height\":100,\"pagelayer-id\":\"5no5805\"} -->\n<!-- wp:pagelayer\/pl_col {\"widget_space\":15,\"overlay_hover_delay\":400,\"pagelayer-id\":\"yng1718\"} -->\n<!-- wp:pagelayer\/pl_text {\"text\":\"u003ch2 style=u0022background-color: rgb(255, 255, 255);u0022u003eTransparencia de informaci\u00f3nu003c\/h2u003eu003cp style=u0022background-color: rgb(255, 255, 255);u0022u003ePor la transparencia en la gesti\u00f3n administrativa que est\u00e1n obligadas a observar todas las instituciones del Estado que conforman el sector p\u00fablico en los t\u00e9rminos del (art\u00edculo 225 de la Constituci\u00f3n Pol\u00edtica de la Rep\u00fablica) y dem\u00e1s entes se\u00f1alados en el art\u00edculo 1 de la presente Ley, difundir\u00e1n a trav\u00e9s de un portal de informaci\u00f3n o p\u00e1gina web, as\u00ed como de los medios necesarios a disposici\u00f3n del p\u00fablico implementados en la misma instituci\u00f3nu003c\/pu003e\",\"pagelayer-id\":\"oja6815\"} --><h2 style=\"background-color: rgb(255, 255, 255);\">Transparencia de informaci\u00f3n<\/h2><p style=\"background-color: rgb(255, 255, 255);\">Por la transparencia en la gesti\u00f3n administrativa que est\u00e1n obligadas a observar todas las instituciones del Estado que conforman el sector p\u00fablico en los t\u00e9rminos del (art\u00edculo 225 de la Constituci\u00f3n Pol\u00edtica de la Rep\u00fablica) y dem\u00e1s entes se\u00f1alados en el art\u00edculo 1 de la presente Ley, difundir\u00e1n a trav\u00e9s de un portal de informaci\u00f3n o p\u00e1gina web, as\u00ed como de los medios necesarios a disposici\u00f3n del p\u00fablico implementados en la misma instituci\u00f3n<\/p><!-- \/wp:pagelayer\/pl_text -->\n<!-- \/wp:pagelayer\/pl_col -->\n<!-- \/wp:pagelayer\/pl_row -->\n<!-- wp:pagelayer\/pl_row {\"stretch\":\"auto\",\"col_gap\":10,\"width_content\":\"auto\",\"row_height\":\"default\",\"overlay_hover_delay\":400,\"row_shape_top_color\":\"#227bc3\",\"row_shape_top_width\":100,\"row_shape_top_height\":100,\"row_shape_bottom_color\":\"#e44993\",\"row_shape_bottom_width\":100,\"row_shape_bottom_height\":100,\"pagelayer-id\":\"1pt8319\"} -->\n<!-- wp:pagelayer\/pl_col {\"widget_space\":15,\"overlay_hover_delay\":400,\"pagelayer-id\":\"mit535\"} -->\n<!-- wp:pagelayer\/pl_tabs {\"tabs_holder_bg_color\":\"#f1f1f1\",\"tabs_border_type\":\"solid\",\"tabs_holder_align\":\"left\",\"tabs_color\":\"#444\",\"tabs_bg_color\":\"#f1f1f1\",\"tabs_active_color\":\"#fff\",\"tabs_active_bg_color\":\"#c00909ff\",\"tabs_icon_align\":\"left\",\"tabs_icon_spacing\":10,\"tabs_content_color\":\"#000000\",\"tabs_content_bg_color\":\"#fff\",\"tab_padding\":15,\"tabs_border_color\":\"#cccccc\",\"tabs_holder_border_width\":\"1,1,0,1\",\"tabs_holder_border_radius\":\"1,1,0,1\",\"tabs_content_border_width\":\"1,1,1,1\",\"pagelayer-id\":\"gz84163\"} -->\n<!-- wp:pagelayer\/pl_tab {\"title\":\"2023\",\"pagelayer-id\":\"sno5632\"} -->\n<!-- wp:pagelayer\/pl_inner_row {\"stretch\":\"auto\",\"col_gap\":10,\"width_content\":\"auto\",\"row_height\":\"default\",\"overlay_hover_delay\":400,\"row_shape_top_color\":\"#227bc3\",\"row_shape_top_width\":100,\"row_shape_top_height\":100,\"row_shape_bottom_color\":\"#e44993\",\"row_shape_bottom_width\":100,\"row_shape_bottom_height\":100,\"pagelayer-id\":\"1iu4169\"} -->\n<!-- wp:pagelayer\/pl_inner_col {\"widget_space\":15,\"overlay_hover_delay\":400,\"col\":12,\"pagelayer-id\":\"2ii8402\"} -->\n<!-- wp:pagelayer\/pl_text {\"text\":\"u003ca href=u0022https:\/\/bomberosambato.gob.ec\/wordpress_F\/index.php\/transparencia-2023\/u0022u003eAcceder a la informaci\u00f3n que se encuentra almacenadau003c\/au003e\",\"pagelayer-id\":\"za81293\"} --><a href=\"https:\/\/bomberosambato.gob.ec\/wordpress_F\/index.php\/transparencia-2023\/\">Acceder a la informaci\u00f3n que se encuentra almacenada<\/a><!-- \/wp:pagelayer\/pl_text -->\n<!-- \/wp:pagelayer\/pl_inner_col -->\n<!-- \/wp:pagelayer\/pl_inner_row -->\n<!-- \/wp:pagelayer\/pl_tab -->\n<!-- wp:pagelayer\/pl_tab {\"title\":\"2022\",\"pagelayer-id\":\"c498795\"} -->\n<!-- wp:pagelayer\/pl_inner_row {\"stretch\":\"auto\",\"col_gap\":10,\"width_content\":\"auto\",\"row_height\":\"default\",\"overlay_hover_delay\":400,\"row_shape_top_color\":\"#227bc3\",\"row_shape_top_width\":100,\"row_shape_top_height\":100,\"row_shape_bottom_color\":\"#e44993\",\"row_shape_bottom_width\":100,\"row_shape_bottom_height\":100,\"pagelayer-id\":\"yv82463\"} -->\n<!-- wp:pagelayer\/pl_inner_col {\"widget_space\":15,\"overlay_hover_delay\":400,\"col\":12,\"pagelayer-id\":\"bw41772\"} -->\n<!-- wp:pagelayer\/pl_text {\"text\":\"u003ca href=u0022https:\/\/bomberosambato.gob.ec\/wordpress_F\/index.php\/transparencia-2022\/u0022 style=u0022color: rgb(0, 41, 84); text-decoration-line: underline; background-color: rgb(255, 255, 255);u0022u003eAcceder a la informaci\u00f3n que se encuentra almacenadau003c\/au003e\",\"pagelayer-id\":\"wgl3360\"} --><a href=\"https:\/\/bomberosambato.gob.ec\/wordpress_F\/index.php\/transparencia-2022\/\" style=\"color: rgb(0, 41, 84); text-decoration-line: underline; background-color: rgb(255, 255, 255);\">Acceder a la informaci\u00f3n que se encuentra almacenada<\/a><!-- \/wp:pagelayer\/pl_text -->\n<!-- \/wp:pagelayer\/pl_inner_col -->\n<!-- \/wp:pagelayer\/pl_inner_row -->\n<!-- \/wp:pagelayer\/pl_tab -->\n<!-- wp:pagelayer\/pl_tab {\"title\":\"2021\",\"pagelayer-id\":\"ylt405\"} -->\n<!-- wp:pagelayer\/pl_inner_row {\"stretch\":\"auto\",\"col_gap\":10,\"width_content\":\"auto\",\"row_height\":\"default\",\"overlay_hover_delay\":400,\"row_shape_top_color\":\"#227bc3\",\"row_shape_top_width\":100,\"row_shape_top_height\":100,\"row_shape_bottom_color\":\"#e44993\",\"row_shape_bottom_width\":100,\"row_shape_bottom_height\":100,\"pagelayer-id\":\"ffr7238\"} -->\n<!-- wp:pagelayer\/pl_inner_col {\"widget_space\":15,\"overlay_hover_delay\":400,\"col\":12,\"pagelayer-id\":\"g606306\"} -->\n<!-- wp:pagelayer\/pl_text {\"text\":\"u003ca href=u0022https:\/\/bomberosambato.gob.ec\/wordpress_F\/index.php\/transparencia-2021\/u0022 style=u0022color: rgb(0, 41, 84); text-decoration-line: underline; background-color: rgb(255, 255, 255);u0022u003eAcceder a la informaci\u00f3n que se encuentra almacenadau003c\/au003e\",\"pagelayer-id\":\"aox9108\"} --><a href=\"https:\/\/bomberosambato.gob.ec\/wordpress_F\/index.php\/transparencia-2021\/\" style=\"color: rgb(0, 41, 84); text-decoration-line: underline; background-color: rgb(255, 255, 255);\">Acceder a la informaci\u00f3n que se encuentra almacenada<\/a><!-- \/wp:pagelayer\/pl_text -->\n<!-- \/wp:pagelayer\/pl_inner_col -->\n<!-- \/wp:pagelayer\/pl_inner_row -->\n<!-- \/wp:pagelayer\/pl_tab -->\n<!-- \/wp:pagelayer\/pl_tabs -->\n<!-- \/wp:pagelayer\/pl_col -->\n<!-- \/wp:pagelayer\/pl_row -->\n","_et_gb_content_width":"","footnotes":""},"class_list":["post-346","page","type-page","status-publish","hentry"],"featured_image_src":null,"yoast_head":"<!-- This site is optimized with the Yoast SEO plugin v27.5 - https:\/\/yoast.com\/product\/yoast-seo-wordpress\/ -->\n<title>Transparencia -<\/title>\n<meta name=\"robots\" content=\"index, follow, max-snippet:-1, max-image-preview:large, max-video-preview:-1\" \/>\n<link rel=\"canonical\" href=\"https:\/\/bomberosambato.gob.ec\/wordpress_F\/transparencia\/\" \/>\n<meta property=\"og:locale\" content=\"es_ES\" \/>\n<meta property=\"og:type\" content=\"article\" \/>\n<meta property=\"og:title\" content=\"Transparencia -\" \/>\n<meta property=\"og:description\" content=\"Transparencia de informaci\u00f3n Por la transparencia en...\" \/>\n<meta property=\"og:url\" content=\"https:\/\/bomberosambato.gob.ec\/wordpress_F\/transparencia\/\" \/>\n<meta property=\"article:publisher\" content=\"https:\/\/www.facebook.com\/CuerpodeBomberosdeAmbato\" \/>\n<meta property=\"article:modified_time\" content=\"2026-02-12T14:42:30+00:00\" \/>\n<meta name=\"twitter:card\" content=\"summary_large_image\" \/>\n<meta name=\"twitter:site\" content=\"@cbambato\" \/>\n<meta name=\"twitter:label1\" content=\"Tiempo de lectura\" \/>\n\t<meta name=\"twitter:data1\" content=\"1 minuto\" \/>\n<script type=\"application\/ld+json\" class=\"yoast-schema-graph\">{\"@context\":\"https:\\\/\\\/schema.org\",\"@graph\":[{\"@type\":\"WebPage\",\"@id\":\"https:\\\/\\\/bomberosambato.gob.ec\\\/wordpress_F\\\/transparencia\\\/\",\"url\":\"https:\\\/\\\/bomberosambato.gob.ec\\\/wordpress_F\\\/transparencia\\\/\",\"name\":\"Transparencia -\",\"isPartOf\":{\"@id\":\"https:\\\/\\\/bomberosambato.gob.ec\\\/wordpress_F\\\/#website\"},\"datePublished\":\"2023-12-04T19:18:35+00:00\",\"dateModified\":\"2026-02-12T14:42:30+00:00\",\"breadcrumb\":{\"@id\":\"https:\\\/\\\/bomberosambato.gob.ec\\\/wordpress_F\\\/transparencia\\\/#breadcrumb\"},\"inLanguage\":\"es\",\"potentialAction\":[{\"@type\":\"ReadAction\",\"target\":[\"https:\\\/\\\/bomberosambato.gob.ec\\\/wordpress_F\\\/transparencia\\\/\"]}]},{\"@type\":\"BreadcrumbList\",\"@id\":\"https:\\\/\\\/bomberosambato.gob.ec\\\/wordpress_F\\\/transparencia\\\/#breadcrumb\",\"itemListElement\":[{\"@type\":\"ListItem\",\"position\":1,\"name\":\"Portada\",\"item\":\"https:\\\/\\\/bomberosambato.gob.ec\\\/wordpress_F\\\/\"},{\"@type\":\"ListItem\",\"position\":2,\"name\":\"Transparencia\"}]},{\"@type\":\"WebSite\",\"@id\":\"https:\\\/\\\/bomberosambato.gob.ec\\\/wordpress_F\\\/#website\",\"url\":\"https:\\\/\\\/bomberosambato.gob.ec\\\/wordpress_F\\\/\",\"name\":\"Cuerpo de Bomberos de Ambato\",\"description\":\"\",\"publisher\":{\"@id\":\"https:\\\/\\\/bomberosambato.gob.ec\\\/wordpress_F\\\/#organization\"},\"alternateName\":\"Bomberos Ambato\",\"potentialAction\":[{\"@type\":\"SearchAction\",\"target\":{\"@type\":\"EntryPoint\",\"urlTemplate\":\"https:\\\/\\\/bomberosambato.gob.ec\\\/wordpress_F\\\/?s={search_term_string}\"},\"query-input\":{\"@type\":\"PropertyValueSpecification\",\"valueRequired\":true,\"valueName\":\"search_term_string\"}}],\"inLanguage\":\"es\"},{\"@type\":\"Organization\",\"@id\":\"https:\\\/\\\/bomberosambato.gob.ec\\\/wordpress_F\\\/#organization\",\"name\":\"Cuerpo de Bomberos de Ambato\",\"url\":\"https:\\\/\\\/bomberosambato.gob.ec\\\/wordpress_F\\\/\",\"logo\":{\"@type\":\"ImageObject\",\"inLanguage\":\"es\",\"@id\":\"https:\\\/\\\/bomberosambato.gob.ec\\\/wordpress_F\\\/#\\\/schema\\\/logo\\\/image\\\/\",\"url\":\"https:\\\/\\\/bomberosambato.gob.ec\\\/wordpress_F\\\/wp-content\\\/uploads\\\/2023\\\/12\\\/cropped-cropped-logo3-e1637858223275.png\",\"contentUrl\":\"https:\\\/\\\/bomberosambato.gob.ec\\\/wordpress_F\\\/wp-content\\\/uploads\\\/2023\\\/12\\\/cropped-cropped-logo3-e1637858223275.png\",\"width\":200,\"height\":90,\"caption\":\"Cuerpo de Bomberos de Ambato\"},\"image\":{\"@id\":\"https:\\\/\\\/bomberosambato.gob.ec\\\/wordpress_F\\\/#\\\/schema\\\/logo\\\/image\\\/\"},\"sameAs\":[\"https:\\\/\\\/www.facebook.com\\\/CuerpodeBomberosdeAmbato\",\"https:\\\/\\\/x.com\\\/cbambato\"]}]}<\/script>\n<!-- \/ Yoast SEO plugin. -->","yoast_head_json":{"title":"Transparencia -","robots":{"index":"index","follow":"follow","max-snippet":"max-snippet:-1","max-image-preview":"max-image-preview:large","max-video-preview":"max-video-preview:-1"},"canonical":"https:\/\/bomberosambato.gob.ec\/wordpress_F\/transparencia\/","og_locale":"es_ES","og_type":"article","og_title":"Transparencia -","og_description":"Transparencia de informaci\u00f3n Por la transparencia en...","og_url":"https:\/\/bomberosambato.gob.ec\/wordpress_F\/transparencia\/","article_publisher":"https:\/\/www.facebook.com\/CuerpodeBomberosdeAmbato","article_modified_time":"2026-02-12T14:42:30+00:00","twitter_card":"summary_large_image","twitter_site":"@cbambato","twitter_misc":{"Tiempo de lectura":"1 minuto"},"schema":{"@context":"https:\/\/schema.org","@graph":[{"@type":"WebPage","@id":"https:\/\/bomberosambato.gob.ec\/wordpress_F\/transparencia\/","url":"https:\/\/bomberosambato.gob.ec\/wordpress_F\/transparencia\/","name":"Transparencia -","isPartOf":{"@id":"https:\/\/bomberosambato.gob.ec\/wordpress_F\/#website"},"datePublished":"2023-12-04T19:18:35+00:00","dateModified":"2026-02-12T14:42:30+00:00","breadcrumb":{"@id":"https:\/\/bomberosambato.gob.ec\/wordpress_F\/transparencia\/#breadcrumb"},"inLanguage":"es","potentialAction":[{"@type":"ReadAction","target":["https:\/\/bomberosambato.gob.ec\/wordpress_F\/transparencia\/"]}]},{"@type":"BreadcrumbList","@id":"https:\/\/bomberosambato.gob.ec\/wordpress_F\/transparencia\/#breadcrumb","itemListElement":[{"@type":"ListItem","position":1,"name":"Portada","item":"https:\/\/bomberosambato.gob.ec\/wordpress_F\/"},{"@type":"ListItem","position":2,"name":"Transparencia"}]},{"@type":"WebSite","@id":"https:\/\/bomberosambato.gob.ec\/wordpress_F\/#website","url":"https:\/\/bomberosambato.gob.ec\/wordpress_F\/","name":"Cuerpo de Bomberos de Ambato","description":"","publisher":{"@id":"https:\/\/bomberosambato.gob.ec\/wordpress_F\/#organization"},"alternateName":"Bomberos Ambato","potentialAction":[{"@type":"SearchAction","target":{"@type":"EntryPoint","urlTemplate":"https:\/\/bomberosambato.gob.ec\/wordpress_F\/?s={search_term_string}"},"query-input":{"@type":"PropertyValueSpecification","valueRequired":true,"valueName":"search_term_string"}}],"inLanguage":"es"},{"@type":"Organization","@id":"https:\/\/bomberosambato.gob.ec\/wordpress_F\/#organization","name":"Cuerpo de Bomberos de Ambato","url":"https:\/\/bomberosambato.gob.ec\/wordpress_F\/","logo":{"@type":"ImageObject","inLanguage":"es","@id":"https:\/\/bomberosambato.gob.ec\/wordpress_F\/#\/schema\/logo\/image\/","url":"https:\/\/bomberosambato.gob.ec\/wordpress_F\/wp-content\/uploads\/2023\/12\/cropped-cropped-logo3-e1637858223275.png","contentUrl":"https:\/\/bomberosambato.gob.ec\/wordpress_F\/wp-content\/uploads\/2023\/12\/cropped-cropped-logo3-e1637858223275.png","width":200,"height":90,"caption":"Cuerpo de Bomberos de Ambato"},"image":{"@id":"https:\/\/bomberosambato.gob.ec\/wordpress_F\/#\/schema\/logo\/image\/"},"sameAs":["https:\/\/www.facebook.com\/CuerpodeBomberosdeAmbato","https:\/\/x.com\/cbambato"]}]}},"_links":{"self":[{"href":"https:\/\/bomberosambato.gob.ec\/wordpress_F\/wp-json\/wp\/v2\/pages\/346","targetHints":{"allow":["GET"]}}],"collection":[{"href":"https:\/\/bomberosambato.gob.ec\/wordpress_F\/wp-json\/wp\/v2\/pages"}],"about":[{"href":"https:\/\/bomberosambato.gob.ec\/wordpress_F\/wp-json\/wp\/v2\/types\/page"}],"author":[{"embeddable":true,"href":"https:\/\/bomberosambato.gob.ec\/wordpress_F\/wp-json\/wp\/v2\/users\/1"}],"replies":[{"embeddable":true,"href":"https:\/\/bomberosambato.gob.ec\/wordpress_F\/wp-json\/wp\/v2\/comments?post=346"}],"version-history":[{"count":117,"href":"https:\/\/bomberosambato.gob.ec\/wordpress_F\/wp-json\/wp\/v2\/pages\/346\/revisions"}],"predecessor-version":[{"id":7606,"href":"https:\/\/bomberosambato.gob.ec\/wordpress_F\/wp-json\/wp\/v2\/pages\/346\/revisions\/7606"}],"wp:attachment":[{"href":"https:\/\/bomberosambato.gob.ec\/wordpress_F\/wp-json\/wp\/v2\/media?parent=346"}],"curies":[{"name":"wp","href":"https:\/\/api.w.org\/{rel}","templated":true}]}}