{"id":2751,"date":"2024-06-03T12:47:14","date_gmt":"2024-06-03T12:47:14","guid":{"rendered":"https:\/\/bomberosambato.gob.ec\/wordpress_F\/?page_id=2751"},"modified":"2024-10-18T22:53:01","modified_gmt":"2024-10-18T22:53:01","slug":"convocatoria","status":"publish","type":"page","link":"https:\/\/bomberosambato.gob.ec\/wordpress_F\/convocatoria\/","title":{"rendered":"Convocatoria"},"content":{"rendered":"<p>[et_pb_section fb_built=&#8221;1&#8243; _builder_version=&#8221;4.22.2&#8243; _module_preset=&#8221;default&#8221; global_colors_info=&#8221;{}&#8221;][et_pb_row _builder_version=&#8221;4.22.2&#8243; _module_preset=&#8221;default&#8221; global_colors_info=&#8221;{}&#8221;][et_pb_column type=&#8221;4_4&#8243; _builder_version=&#8221;4.22.2&#8243; _module_preset=&#8221;default&#8221; global_colors_info=&#8221;{}&#8221;][et_pb_heading title=&#8221;CONVOCATORIA AL VIII CURSO DE FORMACI\u00d3N DE BOMBEROS DE L\u00cdNEA  (BOMBERO 1\/PARAM\u00c9DICO)&#8221; _builder_version=&#8221;4.22.2&#8243; _module_preset=&#8221;default&#8221; title_text_align=&#8221;center&#8221; global_colors_info=&#8221;{}&#8221;][\/et_pb_heading][\/et_pb_column][\/et_pb_row][et_pb_row _builder_version=&#8221;4.22.2&#8243; _module_preset=&#8221;default&#8221; global_colors_info=&#8221;{}&#8221;][et_pb_column type=&#8221;4_4&#8243; _builder_version=&#8221;4.22.2&#8243; _module_preset=&#8221;default&#8221; global_colors_info=&#8221;{}&#8221;][et_pb_image src=&#8221;https:\/\/bomberosambato.gob.ec\/wordpress_F\/wp-content\/uploads\/2024\/05\/cbalogo3.png&#8221; title_text=&#8221;cbalogo3&#8243; align=&#8221;center&#8221; _builder_version=&#8221;4.22.2&#8243; _module_preset=&#8221;default&#8221; global_colors_info=&#8221;{}&#8221;][\/et_pb_image][\/et_pb_column][\/et_pb_row][et_pb_row _builder_version=&#8221;4.22.2&#8243; _module_preset=&#8221;default&#8221; global_colors_info=&#8221;{}&#8221;][et_pb_column type=&#8221;4_4&#8243; _builder_version=&#8221;4.22.2&#8243; _module_preset=&#8221;default&#8221; global_colors_info=&#8221;{}&#8221;][et_pb_image src=&#8221;https:\/\/bomberosambato.gob.ec\/wordpress_F\/wp-content\/uploads\/2024\/05\/Base-concurso.png&#8221; title_text=&#8221;Base concurso&#8221; _builder_version=&#8221;4.22.2&#8243; _module_preset=&#8221;default&#8221; global_colors_info=&#8221;{}&#8221;][\/et_pb_image][\/et_pb_column][\/et_pb_row][et_pb_row column_structure=&#8221;1_2,1_2&#8243; _builder_version=&#8221;4.22.2&#8243; _module_preset=&#8221;default&#8221; global_colors_info=&#8221;{}&#8221;][et_pb_column type=&#8221;1_2&#8243; _builder_version=&#8221;4.22.2&#8243; _module_preset=&#8221;default&#8221; global_colors_info=&#8221;{}&#8221;][et_pb_icon font_icon=&#8221;&#xf573;||fa||900&#8243; _builder_version=&#8221;4.22.2&#8243; _module_preset=&#8221;default&#8221; global_colors_info=&#8221;{}&#8221;][\/et_pb_icon][et_pb_text _builder_version=&#8221;4.22.2&#8243; _module_preset=&#8221;default&#8221; link_option_url=&#8221;https:\/\/bomberosambato.gob.ec\/wordpress_F\/wp-content\/uploads\/2024\/05\/PROSPECTO-2024.pdf&#8221; link_option_url_new_window=&#8221;on&#8221; global_colors_info=&#8221;{}&#8221;]<\/p>\n<p style=\"text-align: center;\">Descargar Prospecto<\/p>\n<p>[\/et_pb_text][\/et_pb_column][et_pb_column type=&#8221;1_2&#8243; _builder_version=&#8221;4.22.2&#8243; _module_preset=&#8221;default&#8221; global_colors_info=&#8221;{}&#8221;][et_pb_icon font_icon=&#8221;&#xf70c;||fa||900&#8243; _builder_version=&#8221;4.22.2&#8243; _module_preset=&#8221;default&#8221; global_colors_info=&#8221;{}&#8221;][\/et_pb_icon][et_pb_text _builder_version=&#8221;4.22.2&#8243; _module_preset=&#8221;default&#8221; link_option_url=&#8221;https:\/\/bomberosambato.gob.ec\/wordpress_F\/wp-content\/uploads\/2024\/05\/ENERALES-EVALUACION-DE-LAS-PRUEBAS-FISICAS-ASPIRANTES-2024-FINAL-Copy_firmado-signed-1-signed.pdf&#8221; link_option_url_new_window=&#8221;on&#8221; global_colors_info=&#8221;{}&#8221;]<\/p>\n<p style=\"text-align: center;\">Descargar Evaluaci\u00f3n<\/p>\n<p>[\/et_pb_text][\/et_pb_column][\/et_pb_row][et_pb_row _builder_version=&#8221;4.22.2&#8243; _module_preset=&#8221;default&#8221; global_colors_info=&#8221;{}&#8221;][et_pb_column type=&#8221;4_4&#8243; _builder_version=&#8221;4.22.2&#8243; _module_preset=&#8221;default&#8221; global_colors_info=&#8221;{}&#8221;][et_pb_heading title=&#8221;Descargar Resultados&#8221; _builder_version=&#8221;4.22.2&#8243; _module_preset=&#8221;default&#8221; title_text_align=&#8221;center&#8221; global_colors_info=&#8221;{}&#8221;][\/et_pb_heading][et_pb_text _builder_version=&#8221;4.22.2&#8243; _module_preset=&#8221;default&#8221; global_colors_info=&#8221;{}&#8221;]<\/p>\n<p style=\"text-align: center;\">1.- ETAPA DE AN\u00c1LISIS, VERIFICACI\u00d3N Y COMPROBACI\u00d3N DE LA<br \/>DOCUMENTACI\u00d3N PRESENTADA<\/p>\n<p>[\/et_pb_text][et_pb_icon font_icon=&#8221;&#xf0c0;||fa||900&#8243; url=&#8221;https:\/\/bomberosambato.gob.ec\/wordpress_F\/wp-content\/uploads\/2024\/06\/PUBLICACION-ANALISIS-VERIFICACION-Y-COMPROBACION-DE-DOCUMENTACION-PRESENTADA-signed.pdf&#8221; _builder_version=&#8221;4.22.2&#8243; _module_preset=&#8221;default&#8221; global_colors_info=&#8221;{}&#8221;][\/et_pb_icon][et_pb_text _builder_version=&#8221;4.22.2&#8243; _module_preset=&#8221;default&#8221; link_option_url=&#8221;https:\/\/bomberosambato.gob.ec\/wordpress_F\/wp-content\/uploads\/2024\/07\/RESULTADOS-EVALUACIONES-DE-CONFIANZA-CBA.pdf&#8221; global_colors_info=&#8221;{}&#8221;]<\/p>\n<p style=\"text-align: center;\">2.- <span>RESULTADOS DE LA EVALUACION DE PRUEBAS DE CONFIANZA<\/span><\/p>\n<p>[\/et_pb_text][et_pb_icon font_icon=&#8221;&#xf560;||fa||900&#8243; url=&#8221;https:\/\/bomberosambato.gob.ec\/wordpress_F\/wp-content\/uploads\/2024\/07\/RESULTADOS-EVALUACIONES-DE-CONFIANZA-CBA.pdf&#8221; _builder_version=&#8221;4.22.2&#8243; _module_preset=&#8221;default&#8221; global_colors_info=&#8221;{}&#8221;][\/et_pb_icon][et_pb_text _builder_version=&#8221;4.22.2&#8243; _module_preset=&#8221;default&#8221; link_option_url=&#8221;https:\/\/bomberosambato.gob.ec\/wordpress_F\/wp-content\/uploads\/2024\/07\/CRONOGRAMA-PRUEBAS-ACADEMICAS-signed.pdf&#8221; hover_enabled=&#8221;0&#8243; global_colors_info=&#8221;{}&#8221; custom_padding=&#8221;||4px|||&#8221; sticky_enabled=&#8221;0&#8243;]<\/p>\n<p style=\"text-align: center;\">3.- CRONOGRAMA PRUEBAS ACAD\u00c9MICAS<\/p>\n<p>[\/et_pb_text][et_pb_icon font_icon=&#8221;&#xf51b;||fa||900&#8243; url=&#8221;https:\/\/bomberosambato.gob.ec\/wordpress_F\/wp-content\/uploads\/2024\/07\/CRONOGRAMA-PRUEBAS-ACADEMICAS-signed.pdf&#8221; _builder_version=&#8221;4.22.2&#8243; _module_preset=&#8221;default&#8221; global_colors_info=&#8221;{}&#8221;][\/et_pb_icon][et_pb_text _builder_version=&#8221;4.22.2&#8243; _module_preset=&#8221;default&#8221; link_option_url=&#8221;https:\/\/bomberosambato.gob.ec\/wordpress_F\/wp-content\/uploads\/2024\/07\/CRONOGRAMA-PRUEBAS-ACADEMICAS-signed.pdf&#8221; hover_enabled=&#8221;0&#8243; global_colors_info=&#8221;{}&#8221; sticky_enabled=&#8221;0&#8243;]<\/p>\n<p style=\"text-align: center;\">4.- RESULTADOS DE PRUEBAS<\/p>\n<p>[\/et_pb_text][et_pb_icon font_icon=&#8221;&#xf328;||fa||400&#8243; url=&#8221;https:\/\/bomberosambato.gob.ec\/wordpress_F\/wp-content\/uploads\/2024\/07\/20240708171759639.pdf&#8221; _builder_version=&#8221;4.22.2&#8243; _module_preset=&#8221;default&#8221; global_colors_info=&#8221;{}&#8221;][\/et_pb_icon][et_pb_text _builder_version=&#8221;4.22.2&#8243; _module_preset=&#8221;default&#8221; link_option_url=&#8221;https:\/\/bomberosambato.gob.ec\/wordpress_F\/wp-content\/uploads\/2024\/07\/CRONOGRAMA-PRUEBAS-ACADEMICAS-signed.pdf&#8221; global_colors_info=&#8221;{}&#8221;]<\/p>\n<p style=\"text-align: center;\">5.- RESULTADOS APLICACION Y EVALUACION DE PRUEBAS ACADEMICAS Y APELACIONES<\/p>\n<p>[\/et_pb_text][et_pb_icon font_icon=&#8221;&#xf15c;||fa||400&#8243; url=&#8221;https:\/\/bomberosambato.gob.ec\/wordpress_F\/wp-content\/uploads\/2024\/07\/RESULTADOS-APLICACION-Y-EVALUACION-DE-PRUEBAS-ACADEMICAS-Y-APELACIONES.pdf&#8221; _builder_version=&#8221;4.22.2&#8243; _module_preset=&#8221;default&#8221; global_colors_info=&#8221;{}&#8221;][\/et_pb_icon][et_pb_text _builder_version=&#8221;4.22.2&#8243; _module_preset=&#8221;default&#8221; link_option_url=&#8221;https:\/\/bomberosambato.gob.ec\/wordpress_F\/wp-content\/uploads\/2024\/07\/CRONOGRAMA-PRUEBAS-ACADEMICAS-signed.pdf&#8221; global_colors_info=&#8221;{}&#8221;]<\/p>\n<p style=\"text-align: center;\">6.- <span>ACTA DE DECLARATORIA DE DESIERTO N\u00b0 CBA-DTH-2024-001 VIII CURSO DE FORMACI\u00d3N DE BOMBEROS DE L\u00cdNEA BOMBERO 1\/PARAM\u00c9DICO<\/span><\/p>\n<p>[\/et_pb_text][et_pb_icon font_icon=&#8221;&#xf573;||fa||900&#8243; url=&#8221;https:\/\/bomberosambato.gob.ec\/wordpress_F\/wp-content\/uploads\/2024\/07\/ACTA-DECLARATORIA-DE-DESIERTO-VIII-CURSO-DE-FORMACION-DE-BOMBEROS-DE-LINEA.pdf&#8221; _builder_version=&#8221;4.22.2&#8243; _module_preset=&#8221;default&#8221; global_colors_info=&#8221;{}&#8221;][\/et_pb_icon][\/et_pb_column][\/et_pb_row][\/et_pb_section]<\/p>\n","protected":false},"excerpt":{"rendered":"<p>CONVOCATORIA AL VIII CURSO DE FORMACI\u00d3N DE BOMBEROS&#8230;<\/p>\n","protected":false},"author":1,"featured_media":0,"parent":0,"menu_order":0,"comment_status":"closed","ping_status":"closed","template":"templates\/fullwidth.php","meta":{"_et_pb_use_builder":"on","_et_pb_old_content":"","_et_gb_content_width":"","footnotes":""},"class_list":["post-2751","page","type-page","status-publish","hentry"],"featured_image_src":null,"yoast_head":"<!-- This site is optimized with the Yoast SEO plugin v27.5 - https:\/\/yoast.com\/product\/yoast-seo-wordpress\/ -->\n<title>Convocatoria -<\/title>\n<meta name=\"robots\" content=\"index, follow, max-snippet:-1, max-image-preview:large, max-video-preview:-1\" \/>\n<link rel=\"canonical\" href=\"https:\/\/bomberosambato.gob.ec\/wordpress_F\/convocatoria\/\" \/>\n<meta property=\"og:locale\" content=\"es_ES\" \/>\n<meta property=\"og:type\" content=\"article\" \/>\n<meta property=\"og:title\" content=\"Convocatoria -\" \/>\n<meta property=\"og:description\" content=\"CONVOCATORIA AL VIII CURSO DE FORMACI\u00d3N DE BOMBEROS...\" \/>\n<meta property=\"og:url\" content=\"https:\/\/bomberosambato.gob.ec\/wordpress_F\/convocatoria\/\" \/>\n<meta property=\"article:publisher\" content=\"https:\/\/www.facebook.com\/CuerpodeBomberosdeAmbato\" \/>\n<meta property=\"article:modified_time\" content=\"2024-10-18T22:53:01+00:00\" \/>\n<meta name=\"twitter:card\" content=\"summary_large_image\" \/>\n<meta name=\"twitter:site\" content=\"@cbambato\" \/>\n<script type=\"application\/ld+json\" class=\"yoast-schema-graph\">{\"@context\":\"https:\\\/\\\/schema.org\",\"@graph\":[{\"@type\":\"WebPage\",\"@id\":\"https:\\\/\\\/bomberosambato.gob.ec\\\/wordpress_F\\\/convocatoria\\\/\",\"url\":\"https:\\\/\\\/bomberosambato.gob.ec\\\/wordpress_F\\\/convocatoria\\\/\",\"name\":\"Convocatoria -\",\"isPartOf\":{\"@id\":\"https:\\\/\\\/bomberosambato.gob.ec\\\/wordpress_F\\\/#website\"},\"datePublished\":\"2024-06-03T12:47:14+00:00\",\"dateModified\":\"2024-10-18T22:53:01+00:00\",\"breadcrumb\":{\"@id\":\"https:\\\/\\\/bomberosambato.gob.ec\\\/wordpress_F\\\/convocatoria\\\/#breadcrumb\"},\"inLanguage\":\"es\",\"potentialAction\":[{\"@type\":\"ReadAction\",\"target\":[\"https:\\\/\\\/bomberosambato.gob.ec\\\/wordpress_F\\\/convocatoria\\\/\"]}]},{\"@type\":\"BreadcrumbList\",\"@id\":\"https:\\\/\\\/bomberosambato.gob.ec\\\/wordpress_F\\\/convocatoria\\\/#breadcrumb\",\"itemListElement\":[{\"@type\":\"ListItem\",\"position\":1,\"name\":\"Portada\",\"item\":\"https:\\\/\\\/bomberosambato.gob.ec\\\/wordpress_F\\\/\"},{\"@type\":\"ListItem\",\"position\":2,\"name\":\"Convocatoria\"}]},{\"@type\":\"WebSite\",\"@id\":\"https:\\\/\\\/bomberosambato.gob.ec\\\/wordpress_F\\\/#website\",\"url\":\"https:\\\/\\\/bomberosambato.gob.ec\\\/wordpress_F\\\/\",\"name\":\"Cuerpo de Bomberos de Ambato\",\"description\":\"\",\"publisher\":{\"@id\":\"https:\\\/\\\/bomberosambato.gob.ec\\\/wordpress_F\\\/#organization\"},\"alternateName\":\"Bomberos Ambato\",\"potentialAction\":[{\"@type\":\"SearchAction\",\"target\":{\"@type\":\"EntryPoint\",\"urlTemplate\":\"https:\\\/\\\/bomberosambato.gob.ec\\\/wordpress_F\\\/?s={search_term_string}\"},\"query-input\":{\"@type\":\"PropertyValueSpecification\",\"valueRequired\":true,\"valueName\":\"search_term_string\"}}],\"inLanguage\":\"es\"},{\"@type\":\"Organization\",\"@id\":\"https:\\\/\\\/bomberosambato.gob.ec\\\/wordpress_F\\\/#organization\",\"name\":\"Cuerpo de Bomberos de Ambato\",\"url\":\"https:\\\/\\\/bomberosambato.gob.ec\\\/wordpress_F\\\/\",\"logo\":{\"@type\":\"ImageObject\",\"inLanguage\":\"es\",\"@id\":\"https:\\\/\\\/bomberosambato.gob.ec\\\/wordpress_F\\\/#\\\/schema\\\/logo\\\/image\\\/\",\"url\":\"https:\\\/\\\/bomberosambato.gob.ec\\\/wordpress_F\\\/wp-content\\\/uploads\\\/2023\\\/12\\\/cropped-cropped-logo3-e1637858223275.png\",\"contentUrl\":\"https:\\\/\\\/bomberosambato.gob.ec\\\/wordpress_F\\\/wp-content\\\/uploads\\\/2023\\\/12\\\/cropped-cropped-logo3-e1637858223275.png\",\"width\":200,\"height\":90,\"caption\":\"Cuerpo de Bomberos de Ambato\"},\"image\":{\"@id\":\"https:\\\/\\\/bomberosambato.gob.ec\\\/wordpress_F\\\/#\\\/schema\\\/logo\\\/image\\\/\"},\"sameAs\":[\"https:\\\/\\\/www.facebook.com\\\/CuerpodeBomberosdeAmbato\",\"https:\\\/\\\/x.com\\\/cbambato\"]}]}<\/script>\n<!-- \/ Yoast SEO plugin. -->","yoast_head_json":{"title":"Convocatoria -","robots":{"index":"index","follow":"follow","max-snippet":"max-snippet:-1","max-image-preview":"max-image-preview:large","max-video-preview":"max-video-preview:-1"},"canonical":"https:\/\/bomberosambato.gob.ec\/wordpress_F\/convocatoria\/","og_locale":"es_ES","og_type":"article","og_title":"Convocatoria -","og_description":"CONVOCATORIA AL VIII CURSO DE FORMACI\u00d3N DE BOMBEROS...","og_url":"https:\/\/bomberosambato.gob.ec\/wordpress_F\/convocatoria\/","article_publisher":"https:\/\/www.facebook.com\/CuerpodeBomberosdeAmbato","article_modified_time":"2024-10-18T22:53:01+00:00","twitter_card":"summary_large_image","twitter_site":"@cbambato","schema":{"@context":"https:\/\/schema.org","@graph":[{"@type":"WebPage","@id":"https:\/\/bomberosambato.gob.ec\/wordpress_F\/convocatoria\/","url":"https:\/\/bomberosambato.gob.ec\/wordpress_F\/convocatoria\/","name":"Convocatoria -","isPartOf":{"@id":"https:\/\/bomberosambato.gob.ec\/wordpress_F\/#website"},"datePublished":"2024-06-03T12:47:14+00:00","dateModified":"2024-10-18T22:53:01+00:00","breadcrumb":{"@id":"https:\/\/bomberosambato.gob.ec\/wordpress_F\/convocatoria\/#breadcrumb"},"inLanguage":"es","potentialAction":[{"@type":"ReadAction","target":["https:\/\/bomberosambato.gob.ec\/wordpress_F\/convocatoria\/"]}]},{"@type":"BreadcrumbList","@id":"https:\/\/bomberosambato.gob.ec\/wordpress_F\/convocatoria\/#breadcrumb","itemListElement":[{"@type":"ListItem","position":1,"name":"Portada","item":"https:\/\/bomberosambato.gob.ec\/wordpress_F\/"},{"@type":"ListItem","position":2,"name":"Convocatoria"}]},{"@type":"WebSite","@id":"https:\/\/bomberosambato.gob.ec\/wordpress_F\/#website","url":"https:\/\/bomberosambato.gob.ec\/wordpress_F\/","name":"Cuerpo de Bomberos de Ambato","description":"","publisher":{"@id":"https:\/\/bomberosambato.gob.ec\/wordpress_F\/#organization"},"alternateName":"Bomberos Ambato","potentialAction":[{"@type":"SearchAction","target":{"@type":"EntryPoint","urlTemplate":"https:\/\/bomberosambato.gob.ec\/wordpress_F\/?s={search_term_string}"},"query-input":{"@type":"PropertyValueSpecification","valueRequired":true,"valueName":"search_term_string"}}],"inLanguage":"es"},{"@type":"Organization","@id":"https:\/\/bomberosambato.gob.ec\/wordpress_F\/#organization","name":"Cuerpo de Bomberos de Ambato","url":"https:\/\/bomberosambato.gob.ec\/wordpress_F\/","logo":{"@type":"ImageObject","inLanguage":"es","@id":"https:\/\/bomberosambato.gob.ec\/wordpress_F\/#\/schema\/logo\/image\/","url":"https:\/\/bomberosambato.gob.ec\/wordpress_F\/wp-content\/uploads\/2023\/12\/cropped-cropped-logo3-e1637858223275.png","contentUrl":"https:\/\/bomberosambato.gob.ec\/wordpress_F\/wp-content\/uploads\/2023\/12\/cropped-cropped-logo3-e1637858223275.png","width":200,"height":90,"caption":"Cuerpo de Bomberos de Ambato"},"image":{"@id":"https:\/\/bomberosambato.gob.ec\/wordpress_F\/#\/schema\/logo\/image\/"},"sameAs":["https:\/\/www.facebook.com\/CuerpodeBomberosdeAmbato","https:\/\/x.com\/cbambato"]}]}},"_links":{"self":[{"href":"https:\/\/bomberosambato.gob.ec\/wordpress_F\/wp-json\/wp\/v2\/pages\/2751","targetHints":{"allow":["GET"]}}],"collection":[{"href":"https:\/\/bomberosambato.gob.ec\/wordpress_F\/wp-json\/wp\/v2\/pages"}],"about":[{"href":"https:\/\/bomberosambato.gob.ec\/wordpress_F\/wp-json\/wp\/v2\/types\/page"}],"author":[{"embeddable":true,"href":"https:\/\/bomberosambato.gob.ec\/wordpress_F\/wp-json\/wp\/v2\/users\/1"}],"replies":[{"embeddable":true,"href":"https:\/\/bomberosambato.gob.ec\/wordpress_F\/wp-json\/wp\/v2\/comments?post=2751"}],"version-history":[{"count":23,"href":"https:\/\/bomberosambato.gob.ec\/wordpress_F\/wp-json\/wp\/v2\/pages\/2751\/revisions"}],"predecessor-version":[{"id":3974,"href":"https:\/\/bomberosambato.gob.ec\/wordpress_F\/wp-json\/wp\/v2\/pages\/2751\/revisions\/3974"}],"wp:attachment":[{"href":"https:\/\/bomberosambato.gob.ec\/wordpress_F\/wp-json\/wp\/v2\/media?parent=2751"}],"curies":[{"name":"wp","href":"https:\/\/api.w.org\/{rel}","templated":true}]}}