{"id":190,"date":"2023-12-04T13:28:39","date_gmt":"2023-12-04T13:28:39","guid":{"rendered":"https:\/\/bomberosambato.gob.ec\/wordpress_F\/?page_id=190"},"modified":"2026-03-25T14:25:55","modified_gmt":"2026-03-25T14:25:55","slug":"mision-y-vision","status":"publish","type":"page","link":"https:\/\/bomberosambato.gob.ec\/wordpress_F\/mision-y-vision\/","title":{"rendered":"Misi\u00f3n y Visi\u00f3n"},"content":{"rendered":"[et_pb_section fb_built=&#8221;1&#8243; admin_label=&#8221;section&#8221; _builder_version=&#8221;4.16&#8243; global_colors_info=&#8221;{}&#8221;][et_pb_row admin_label=&#8221;row&#8221; _builder_version=&#8221;4.16&#8243; background_size=&#8221;initial&#8221; background_position=&#8221;top_left&#8221; background_repeat=&#8221;repeat&#8221; global_colors_info=&#8221;{}&#8221;][et_pb_column type=&#8221;4_4&#8243; _builder_version=&#8221;4.16&#8243; custom_padding=&#8221;|||&#8221; global_colors_info=&#8221;{}&#8221; custom_padding__hover=&#8221;|||&#8221;][et_pb_text admin_label=&#8221;Text&#8221; _builder_version=&#8221;4.22.2&#8243; background_size=&#8221;initial&#8221; background_position=&#8221;top_left&#8221; background_repeat=&#8221;repeat&#8221; hover_enabled=&#8221;0&#8243; global_colors_info=&#8221;{}&#8221; sticky_enabled=&#8221;0&#8243;]<p><br \/><br \/><br \/><\/p>\n<h1>MISION<\/h1>\n<p style=\"text-align: justify;\"><br \/>Instituci\u00f3n t\u00e9cnica dedicada a la prevenci\u00f3n, protecci\u00f3n, socorro y extinci\u00f3n de incendios, as\u00ed como de apoyo en eventos adversos de origen natural o antr\u00f3pico, mediante acciones efectivas para salvar vidas, proteger bienes y contribuir en la preservaci\u00f3n ambiental del cant\u00f3n Ambato y de la sociedad en general.<br \/><br \/><br \/><\/p>\n<p><br \/><br \/><br \/><br \/><br \/><\/p>\n<h1>VISION<\/h1>\n<p><br \/>Al 2030 ser un referente zonal que brinde servicios con est\u00e1ndares de calidad en la gesti\u00f3n de riesgos mediante grupos especializados, con la implementaci\u00f3n y uso de nuevas tecnolog\u00edas, y la mejora continua para garantizar la satisfacci\u00f3n de la ciudadan\u00eda en una comunidad segura y sostenible.<br \/><br \/><br \/><br \/><br \/><\/p>\n[\/et_pb_text][\/et_pb_column][\/et_pb_row][\/et_pb_section]","protected":false},"excerpt":{"rendered":"<p>MISION Instituci\u00f3n t\u00e9cnica dedicada a la prevenci\u00f3n,&#8230;<\/p>\n","protected":false},"author":1,"featured_media":0,"parent":0,"menu_order":0,"comment_status":"closed","ping_status":"closed","template":"templates\/fullwidth.php","meta":{"_et_pb_use_builder":"on","_et_pb_old_content":"<!-- wp:pagelayer\/pl_post_props {\"post_title\":\"Misi\u00f3n y Visi\u00f3n\",\"post_status\":\"publish\",\"post_date\":\"2023-12-04 13:28:39\",\"post_author\":\"1\",\"post_name\":\"mision-y-vision\",\"featured_image\":\"https:\/\/bomberosambato.gob.ec\/wordpress_F\/wp-content\/plugins\/pagelayer\/images\/default-image.png\",\"pagelayer-id\":\"1se4617\"} \/-->\n<!-- wp:pagelayer\/pl_row {\"stretch\":\"auto\",\"col_gap\":\"10\",\"width_content\":\"auto\",\"row_height\":\"default\",\"column_pos\":\"default\",\"content_pos\":\"default\",\"overlay_hover_delay\":\"400\",\"row_shape_top_color\":\"#fff\",\"row_shape_top_width\":\"100\",\"row_shape_top_height\":\"100\",\"row_shape_bottom_color\":\"#fff\",\"row_shape_bottom_width\":\"100\",\"row_shape_bottom_height\":\"100\",\"ele_bg_hover_delay\":\"400\",\"ele_margin\":\"70px,0px,0px,0px\",\"pagelayer-id\":\"jir2425\"} -->\n<!-- wp:pagelayer\/pl_col {\"widget_space\":\"15\",\"overlay_hover_delay\":\"400\",\"ele_bg_hover_delay\":\"400\",\"col\":\"6\",\"pagelayer-id\":\"hs07848\"} -->\n<!-- wp:pagelayer\/pl_heading {\"color\":\"#111111ff\",\"ele_bg_hover_delay\":\"400\",\"align\":\"left\",\"heading_typo\":\",45,,500,,,Solid,,,,\",\"heading_state\":\"normal\",\"heading_typo_mobile\":\",30,,,,,Solid,,,,\",\"text\":\"u003ch1u003eMISIONu003c\/h1u003e\",\"pagelayer-id\":\"op89907\"} --><h1>MISION<\/h1><!-- \/wp:pagelayer\/pl_heading -->\n<!-- wp:pagelayer\/pl_text {\"text\":\"Instituci\u00f3n t\u00e9cnica dedicada a la prevenci\u00f3n, protecci\u00f3n, socorro y extinci\u00f3n de incendios; as\u00ed como de apoyo en eventos adversos de origen natural o antr\u00f3pico, mediante acciones efectivas para salvar vidas, proteger bienes y contribuir en la preservaci\u00f3n ambiental del cant\u00f3n Ambato y de la sociedad en general.\",\"pagelayer-id\":\"efz4947\"} -->Instituci\u00f3n t\u00e9cnica dedicada a la prevenci\u00f3n, protecci\u00f3n, socorro y extinci\u00f3n de incendios; as\u00ed como de apoyo en eventos adversos de origen natural o antr\u00f3pico, mediante acciones efectivas para salvar vidas, proteger bienes y contribuir en la preservaci\u00f3n ambiental del cant\u00f3n Ambato y de la sociedad en general.<!-- \/wp:pagelayer\/pl_text -->\n<!-- \/wp:pagelayer\/pl_col -->\n<!-- wp:pagelayer\/pl_col {\"widget_space\":\"15\",\"overlay_hover_delay\":\"400\",\"ele_bg_hover_delay\":\"400\",\"col\":\"6\",\"pagelayer-id\":\"nmb7282\"} -->\n<!-- wp:pagelayer\/pl_image {\"id\":193,\"id-size\":\"full\",\"align\":\"center\",\"img_filter\":\"0,100,100,0,0,100,100\",\"caption_color\":\"#3E8EF7\",\"ele_bg_hover_delay\":\"400\",\"max-width\":\"90\",\"text\":\"nnnn\",\"img_hover\":\"normal\",\"img_hover_delay\":400,\"pagelayer-id\":\"pyy4870\"} -->\n\n\n\n<!-- \/wp:pagelayer\/pl_image -->\n<!-- \/wp:pagelayer\/pl_col -->\n<!-- \/wp:pagelayer\/pl_row -->\n<!-- wp:pagelayer\/pl_row {\"stretch\":\"auto\",\"col_gap\":\"10\",\"width_content\":\"auto\",\"row_height\":\"default\",\"column_pos\":\"default\",\"content_pos\":\"default\",\"overlay_hover_delay\":\"400\",\"row_shape_top_color\":\"#fff\",\"row_shape_top_width\":\"100\",\"row_shape_top_height\":\"100\",\"row_shape_bottom_color\":\"#fff\",\"row_shape_bottom_width\":\"100\",\"row_shape_bottom_height\":\"100\",\"ele_bg_hover_delay\":\"400\",\"ele_margin\":\"70px,0px,0px,0px\",\"pagelayer-id\":\"kix142\"} -->\n<!-- wp:pagelayer\/pl_col {\"widget_space\":\"15\",\"overlay_hover_delay\":\"400\",\"ele_bg_hover_delay\":\"400\",\"col\":\"6\",\"pagelayer-id\":\"v7x6998\"} -->\n<!-- wp:pagelayer\/pl_heading {\"color\":\"#111111ff\",\"ele_bg_hover_delay\":\"400\",\"align\":\"left\",\"heading_typo\":\",45,,500,,,Solid,,,,\",\"heading_state\":\"normal\",\"heading_typo_mobile\":\",30,,,,,Solid,,,,\",\"text\":\"u003ch1u003eVISIONu003c\/h1u003e\",\"pagelayer-id\":\"vuj897\"} --><h1>VISION<\/h1><!-- \/wp:pagelayer\/pl_heading -->\n<!-- wp:pagelayer\/pl_text {\"text\":\"Al 2025 ser una instituci\u00f3n que brinde servicios con est\u00e1ndares de calidad en la prevenci\u00f3n de incendios, atenci\u00f3n de emergencias y apoyo en otros eventos adversos, con el desarrollo organizacional del talento humano, el uso de nuevas tecnolog\u00edas y la mejora continua para una ciudad resiliente y sostenible\",\"pagelayer-id\":\"pqb8157\"} -->Al 2025 ser una instituci\u00f3n que brinde servicios con est\u00e1ndares de calidad en la prevenci\u00f3n de incendios, atenci\u00f3n de emergencias y apoyo en otros eventos adversos, con el desarrollo organizacional del talento humano, el uso de nuevas tecnolog\u00edas y la mejora continua para una ciudad resiliente y sostenible<!-- \/wp:pagelayer\/pl_text -->\n<!-- \/wp:pagelayer\/pl_col -->\n<!-- wp:pagelayer\/pl_col {\"widget_space\":\"15\",\"overlay_hover_delay\":\"400\",\"ele_bg_hover_delay\":\"400\",\"col\":\"6\",\"pagelayer-id\":\"f7d7965\"} -->\n<!-- wp:pagelayer\/pl_image {\"id\":19,\"id-size\":\"full\",\"align\":\"center\",\"img_hover\":\"normal\",\"img_hover_delay\":400,\"caption_color\":\"#0986c0\",\"pagelayer-id\":\"dnm6515\"} \/-->\n<!-- \/wp:pagelayer\/pl_col -->\n<!-- \/wp:pagelayer\/pl_row -->\n","_et_gb_content_width":"","footnotes":""},"class_list":["post-190","page","type-page","status-publish","hentry"],"featured_image_src":null,"yoast_head":"<!-- This site is optimized with the Yoast SEO plugin v27.5 - https:\/\/yoast.com\/product\/yoast-seo-wordpress\/ -->\n<title>Misi\u00f3n y Visi\u00f3n -<\/title>\n<meta name=\"robots\" content=\"index, follow, max-snippet:-1, max-image-preview:large, max-video-preview:-1\" \/>\n<link rel=\"canonical\" href=\"https:\/\/bomberosambato.gob.ec\/wordpress_F\/mision-y-vision\/\" \/>\n<meta property=\"og:locale\" content=\"es_ES\" \/>\n<meta property=\"og:type\" content=\"article\" \/>\n<meta property=\"og:title\" content=\"Misi\u00f3n y Visi\u00f3n -\" \/>\n<meta property=\"og:description\" content=\"MISION Instituci\u00f3n t\u00e9cnica dedicada a la prevenci\u00f3n,...\" \/>\n<meta property=\"og:url\" content=\"https:\/\/bomberosambato.gob.ec\/wordpress_F\/mision-y-vision\/\" \/>\n<meta property=\"article:publisher\" content=\"https:\/\/www.facebook.com\/CuerpodeBomberosdeAmbato\" \/>\n<meta property=\"article:modified_time\" content=\"2026-03-25T14:25:55+00:00\" \/>\n<meta name=\"twitter:card\" content=\"summary_large_image\" \/>\n<meta name=\"twitter:site\" content=\"@cbambato\" \/>\n<script type=\"application\/ld+json\" class=\"yoast-schema-graph\">{\"@context\":\"https:\\\/\\\/schema.org\",\"@graph\":[{\"@type\":\"WebPage\",\"@id\":\"https:\\\/\\\/bomberosambato.gob.ec\\\/wordpress_F\\\/mision-y-vision\\\/\",\"url\":\"https:\\\/\\\/bomberosambato.gob.ec\\\/wordpress_F\\\/mision-y-vision\\\/\",\"name\":\"Misi\u00f3n y Visi\u00f3n -\",\"isPartOf\":{\"@id\":\"https:\\\/\\\/bomberosambato.gob.ec\\\/wordpress_F\\\/#website\"},\"datePublished\":\"2023-12-04T13:28:39+00:00\",\"dateModified\":\"2026-03-25T14:25:55+00:00\",\"breadcrumb\":{\"@id\":\"https:\\\/\\\/bomberosambato.gob.ec\\\/wordpress_F\\\/mision-y-vision\\\/#breadcrumb\"},\"inLanguage\":\"es\",\"potentialAction\":[{\"@type\":\"ReadAction\",\"target\":[\"https:\\\/\\\/bomberosambato.gob.ec\\\/wordpress_F\\\/mision-y-vision\\\/\"]}]},{\"@type\":\"BreadcrumbList\",\"@id\":\"https:\\\/\\\/bomberosambato.gob.ec\\\/wordpress_F\\\/mision-y-vision\\\/#breadcrumb\",\"itemListElement\":[{\"@type\":\"ListItem\",\"position\":1,\"name\":\"Portada\",\"item\":\"https:\\\/\\\/bomberosambato.gob.ec\\\/wordpress_F\\\/\"},{\"@type\":\"ListItem\",\"position\":2,\"name\":\"Misi\u00f3n y Visi\u00f3n\"}]},{\"@type\":\"WebSite\",\"@id\":\"https:\\\/\\\/bomberosambato.gob.ec\\\/wordpress_F\\\/#website\",\"url\":\"https:\\\/\\\/bomberosambato.gob.ec\\\/wordpress_F\\\/\",\"name\":\"Cuerpo de Bomberos de Ambato\",\"description\":\"\",\"publisher\":{\"@id\":\"https:\\\/\\\/bomberosambato.gob.ec\\\/wordpress_F\\\/#organization\"},\"alternateName\":\"Bomberos Ambato\",\"potentialAction\":[{\"@type\":\"SearchAction\",\"target\":{\"@type\":\"EntryPoint\",\"urlTemplate\":\"https:\\\/\\\/bomberosambato.gob.ec\\\/wordpress_F\\\/?s={search_term_string}\"},\"query-input\":{\"@type\":\"PropertyValueSpecification\",\"valueRequired\":true,\"valueName\":\"search_term_string\"}}],\"inLanguage\":\"es\"},{\"@type\":\"Organization\",\"@id\":\"https:\\\/\\\/bomberosambato.gob.ec\\\/wordpress_F\\\/#organization\",\"name\":\"Cuerpo de Bomberos de Ambato\",\"url\":\"https:\\\/\\\/bomberosambato.gob.ec\\\/wordpress_F\\\/\",\"logo\":{\"@type\":\"ImageObject\",\"inLanguage\":\"es\",\"@id\":\"https:\\\/\\\/bomberosambato.gob.ec\\\/wordpress_F\\\/#\\\/schema\\\/logo\\\/image\\\/\",\"url\":\"https:\\\/\\\/bomberosambato.gob.ec\\\/wordpress_F\\\/wp-content\\\/uploads\\\/2023\\\/12\\\/cropped-cropped-logo3-e1637858223275.png\",\"contentUrl\":\"https:\\\/\\\/bomberosambato.gob.ec\\\/wordpress_F\\\/wp-content\\\/uploads\\\/2023\\\/12\\\/cropped-cropped-logo3-e1637858223275.png\",\"width\":200,\"height\":90,\"caption\":\"Cuerpo de Bomberos de Ambato\"},\"image\":{\"@id\":\"https:\\\/\\\/bomberosambato.gob.ec\\\/wordpress_F\\\/#\\\/schema\\\/logo\\\/image\\\/\"},\"sameAs\":[\"https:\\\/\\\/www.facebook.com\\\/CuerpodeBomberosdeAmbato\",\"https:\\\/\\\/x.com\\\/cbambato\"]}]}<\/script>\n<!-- \/ Yoast SEO plugin. -->","yoast_head_json":{"title":"Misi\u00f3n y Visi\u00f3n -","robots":{"index":"index","follow":"follow","max-snippet":"max-snippet:-1","max-image-preview":"max-image-preview:large","max-video-preview":"max-video-preview:-1"},"canonical":"https:\/\/bomberosambato.gob.ec\/wordpress_F\/mision-y-vision\/","og_locale":"es_ES","og_type":"article","og_title":"Misi\u00f3n y Visi\u00f3n -","og_description":"MISION Instituci\u00f3n t\u00e9cnica dedicada a la prevenci\u00f3n,...","og_url":"https:\/\/bomberosambato.gob.ec\/wordpress_F\/mision-y-vision\/","article_publisher":"https:\/\/www.facebook.com\/CuerpodeBomberosdeAmbato","article_modified_time":"2026-03-25T14:25:55+00:00","twitter_card":"summary_large_image","twitter_site":"@cbambato","schema":{"@context":"https:\/\/schema.org","@graph":[{"@type":"WebPage","@id":"https:\/\/bomberosambato.gob.ec\/wordpress_F\/mision-y-vision\/","url":"https:\/\/bomberosambato.gob.ec\/wordpress_F\/mision-y-vision\/","name":"Misi\u00f3n y Visi\u00f3n -","isPartOf":{"@id":"https:\/\/bomberosambato.gob.ec\/wordpress_F\/#website"},"datePublished":"2023-12-04T13:28:39+00:00","dateModified":"2026-03-25T14:25:55+00:00","breadcrumb":{"@id":"https:\/\/bomberosambato.gob.ec\/wordpress_F\/mision-y-vision\/#breadcrumb"},"inLanguage":"es","potentialAction":[{"@type":"ReadAction","target":["https:\/\/bomberosambato.gob.ec\/wordpress_F\/mision-y-vision\/"]}]},{"@type":"BreadcrumbList","@id":"https:\/\/bomberosambato.gob.ec\/wordpress_F\/mision-y-vision\/#breadcrumb","itemListElement":[{"@type":"ListItem","position":1,"name":"Portada","item":"https:\/\/bomberosambato.gob.ec\/wordpress_F\/"},{"@type":"ListItem","position":2,"name":"Misi\u00f3n y Visi\u00f3n"}]},{"@type":"WebSite","@id":"https:\/\/bomberosambato.gob.ec\/wordpress_F\/#website","url":"https:\/\/bomberosambato.gob.ec\/wordpress_F\/","name":"Cuerpo de Bomberos de Ambato","description":"","publisher":{"@id":"https:\/\/bomberosambato.gob.ec\/wordpress_F\/#organization"},"alternateName":"Bomberos Ambato","potentialAction":[{"@type":"SearchAction","target":{"@type":"EntryPoint","urlTemplate":"https:\/\/bomberosambato.gob.ec\/wordpress_F\/?s={search_term_string}"},"query-input":{"@type":"PropertyValueSpecification","valueRequired":true,"valueName":"search_term_string"}}],"inLanguage":"es"},{"@type":"Organization","@id":"https:\/\/bomberosambato.gob.ec\/wordpress_F\/#organization","name":"Cuerpo de Bomberos de Ambato","url":"https:\/\/bomberosambato.gob.ec\/wordpress_F\/","logo":{"@type":"ImageObject","inLanguage":"es","@id":"https:\/\/bomberosambato.gob.ec\/wordpress_F\/#\/schema\/logo\/image\/","url":"https:\/\/bomberosambato.gob.ec\/wordpress_F\/wp-content\/uploads\/2023\/12\/cropped-cropped-logo3-e1637858223275.png","contentUrl":"https:\/\/bomberosambato.gob.ec\/wordpress_F\/wp-content\/uploads\/2023\/12\/cropped-cropped-logo3-e1637858223275.png","width":200,"height":90,"caption":"Cuerpo de Bomberos de Ambato"},"image":{"@id":"https:\/\/bomberosambato.gob.ec\/wordpress_F\/#\/schema\/logo\/image\/"},"sameAs":["https:\/\/www.facebook.com\/CuerpodeBomberosdeAmbato","https:\/\/x.com\/cbambato"]}]}},"_links":{"self":[{"href":"https:\/\/bomberosambato.gob.ec\/wordpress_F\/wp-json\/wp\/v2\/pages\/190","targetHints":{"allow":["GET"]}}],"collection":[{"href":"https:\/\/bomberosambato.gob.ec\/wordpress_F\/wp-json\/wp\/v2\/pages"}],"about":[{"href":"https:\/\/bomberosambato.gob.ec\/wordpress_F\/wp-json\/wp\/v2\/types\/page"}],"author":[{"embeddable":true,"href":"https:\/\/bomberosambato.gob.ec\/wordpress_F\/wp-json\/wp\/v2\/users\/1"}],"replies":[{"embeddable":true,"href":"https:\/\/bomberosambato.gob.ec\/wordpress_F\/wp-json\/wp\/v2\/comments?post=190"}],"version-history":[{"count":7,"href":"https:\/\/bomberosambato.gob.ec\/wordpress_F\/wp-json\/wp\/v2\/pages\/190\/revisions"}],"predecessor-version":[{"id":7832,"href":"https:\/\/bomberosambato.gob.ec\/wordpress_F\/wp-json\/wp\/v2\/pages\/190\/revisions\/7832"}],"wp:attachment":[{"href":"https:\/\/bomberosambato.gob.ec\/wordpress_F\/wp-json\/wp\/v2\/media?parent=190"}],"curies":[{"name":"wp","href":"https:\/\/api.w.org\/{rel}","templated":true}]}}