{"id":184,"date":"2023-12-04T13:21:16","date_gmt":"2023-12-04T13:21:16","guid":{"rendered":"https:\/\/bomberosambato.gob.ec\/wordpress_F\/?page_id=184"},"modified":"2023-12-04T13:21:58","modified_gmt":"2023-12-04T13:21:58","slug":"sugerencias","status":"publish","type":"page","link":"https:\/\/bomberosambato.gob.ec\/wordpress_F\/sugerencias\/","title":{"rendered":"Sugerencias"},"content":{"rendered":"<style>\/*! elementor - v3.17.0 - 08-11-2023 *\/\n.elementor-heading-title{padding:0;margin:0;line-height:1}.elementor-widget-heading .elementor-heading-title[class*=elementor-size-]>a{color:inherit;font-size:inherit;line-height:inherit}.elementor-widget-heading .elementor-heading-title.elementor-size-small{font-size:15px}.elementor-widget-heading .elementor-heading-title.elementor-size-medium{font-size:19px}.elementor-widget-heading .elementor-heading-title.elementor-size-large{font-size:29px}.elementor-widget-heading .elementor-heading-title.elementor-size-xl{font-size:39px}.elementor-widget-heading .elementor-heading-title.elementor-size-xxl{font-size:59px}<\/style>\n<h2><div class=\"forminator-ui forminator-custom-form forminator-custom-form-53 forminator-design--default  forminator_ajax\" data-forminator-render=\"0\" data-form=\"forminator-module-53\" data-uid=\"69fd16825a1cd\"><br\/><\/div><form\n\t\t\t\tid=\"forminator-module-53\"\n\t\t\t\tclass=\"forminator-ui forminator-custom-form forminator-custom-form-53 forminator-design--default  forminator_ajax\"\n\t\t\t\tmethod=\"post\"\n\t\t\t\tdata-forminator-render=\"0\"\n\t\t\t\tdata-form-id=\"53\"\n\t\t\t\tenctype=\"multipart\/form-data\" data-color-option=\"default\" data-design=\"default\" data-grid=\"open\" style=\"display: none;\"\n\t\t\t\tdata-uid=\"69fd16825a1cd\"\n\t\t\t><div role=\"alert\" aria-live=\"polite\" class=\"forminator-response-message forminator-error\" aria-hidden=\"true\"><\/div><div class=\"forminator-row\"><div id=\"select-1\" class=\"forminator-field-select forminator-col forminator-col-12 \"><div class=\"forminator-field\"><label for=\"forminator-form-53__field--select-1_69fd16825a1cd\" id=\"forminator-form-53__field--select-1_69fd16825a1cd-label\" class=\"forminator-label\">Seleccionar <span class=\"forminator-required\">*<\/span><\/label><select  id=\"forminator-form-53__field--select-1_69fd16825a1cd\" class=\"forminator-select--field forminator-select2 forminator-select2-multiple\" data-required=\"1\" name=\"select-1\" data-default-value=\"\" data-hidden-behavior=\"zero\" data-placeholder=\"Seleccionar\" data-search=\"false\" data-search-placeholder=\"Seleccionar\" data-checkbox=\"false\" data-allow-clear=\"false\" aria-labelledby=\"forminator-form-53__field--select-1_69fd16825a1cd-label\" aria-describedby=\"forminator-form-53__field--select-1_69fd16825a1cd-description\"><option value=\"\"  >Seleccionar<\/option><option value=\"one\"  data-calculation=\"0\">Selecionar<\/option><option value=\"two\"  data-calculation=\"0\">Queja\/Reclamo<\/option><option value=\"Denuncia\"  data-calculation=\"0\">Denuncia<\/option><option value=\"Sugerenica\"  data-calculation=\"0\">Sugerenica<\/option><\/select><span id=\"forminator-form-53__field--select-1_69fd16825a1cd-description\" class=\"forminator-description\">Seleccione una opcion<\/span><\/div><\/div><\/div><div class=\"forminator-row\"><div id=\"name-1\" class=\"forminator-field-name forminator-col forminator-col-12 \"><div class=\"forminator-field\"><label for=\"forminator-field-name-1_69fd16825a1cd\" id=\"forminator-field-name-1_69fd16825a1cd-label\" class=\"forminator-label\">Apellidos y Nombres <span class=\"forminator-required\">*<\/span><\/label><input type=\"text\" name=\"name-1\" value=\"\" placeholder=\"Ejemplo: Juan P\u00e9rez\" id=\"forminator-field-name-1_69fd16825a1cd\" class=\"forminator-input forminator-name--field\" aria-required=\"true\" autocomplete=\"name\" \/><\/div><\/div><\/div><div class=\"forminator-row\"><div id=\"text-1\" class=\"forminator-field-text forminator-col forminator-col-12 \"><div class=\"forminator-field\"><label for=\"forminator-field-text-1_69fd16825a1cd\" id=\"forminator-field-text-1_69fd16825a1cd-label\" class=\"forminator-label\">Cedula <span class=\"forminator-required\">*<\/span><\/label><input type=\"text\" name=\"text-1\" value=\"\" placeholder=\"Ejemplo: 1802******\" id=\"forminator-field-text-1_69fd16825a1cd\" class=\"forminator-input forminator-name--field\" data-required=\"1\" maxlength=\"10\" \/><span id=\"forminator-field-text-1_69fd16825a1cd-description\" class=\"forminator-description\"><span data-limit=\"10\" data-type=\"characters\">0 \/ 10<\/span><\/span><\/div><\/div><\/div><div class=\"forminator-row\"><div id=\"email-1\" class=\"forminator-field-email forminator-col forminator-col-12 \"><div class=\"forminator-field\"><label for=\"forminator-field-email-1_69fd16825a1cd\" id=\"forminator-field-email-1_69fd16825a1cd-label\" class=\"forminator-label\">Correo electr\u00f3nico <span class=\"forminator-required\">*<\/span><\/label><input type=\"email\" name=\"email-1\" value=\"\" placeholder=\"Ej . : john@doe.com\" id=\"forminator-field-email-1_69fd16825a1cd\" class=\"forminator-input forminator-email--field\" data-required=\"1\" aria-required=\"true\" autocomplete=\"email\" \/><\/div><\/div><\/div><div class=\"forminator-row\"><div id=\"phone-1\" class=\"forminator-field-phone forminator-col forminator-col-12 \"><div class=\"forminator-field\"><label for=\"forminator-field-phone-1_69fd16825a1cd\" id=\"forminator-field-phone-1_69fd16825a1cd-label\" class=\"forminator-label\">Tel\u00e9fono<\/label><input type=\"text\" name=\"phone-1\" value=\"\" placeholder=\"Ejemplo: 03282*****\" id=\"forminator-field-phone-1_69fd16825a1cd\" class=\"forminator-input forminator-field--phone\" data-required=\"\" aria-required=\"false\" autocomplete=\"off\" \/><\/div><\/div><\/div><div class=\"forminator-row\"><div id=\"text-2\" class=\"forminator-field-text forminator-col forminator-col-12 \"><div class=\"forminator-field\"><label for=\"forminator-field-text-2_69fd16825a1cd\" id=\"forminator-field-text-2_69fd16825a1cd-label\" class=\"forminator-label\">Ciudad(donde se dio el evento)<\/label><input type=\"text\" name=\"text-2\" value=\"\" placeholder=\"Ejemplo: texto de marcador de posici\u00f3n\" id=\"forminator-field-text-2_69fd16825a1cd\" class=\"forminator-input forminator-name--field\" data-required=\"\" \/><\/div><\/div><\/div><div class=\"forminator-row\"><div id=\"textarea-1\" class=\"forminator-field-textarea forminator-col forminator-col-12 \"><div class=\"forminator-field\"><label for=\"forminator-field-textarea-1_69fd16825a1cd\" id=\"forminator-field-textarea-1_69fd16825a1cd-label\" class=\"forminator-label\">Descripci\u00f3n de su queja-reclamo. denuncia o sugerencia * Detalle lugar, d\u00eda, nombre del funcionario p\u00fablico que lo atendi\u00f3 y\/o proceso del cual presenta la queja-reclamo, denuncia o sugerencia. En el caso de denuncia especifique la norma a la cual se contrapone las actuaciones del servidor\/funcionario y adjunte de manera obligatoria la documentaci\u00f3n de respaldo.<\/label><textarea name=\"textarea-1\" placeholder=\"Ejemplo: texto de marcador de posici\u00f3n\nPuedes a\u00f1adir una nueva l\u00ednea\" id=\"forminator-field-textarea-1_69fd16825a1cd\" class=\"forminator-textarea\" rows=\"6\" style=\"--forminator-textarea-min-height:140px;\" ><\/textarea><\/div><\/div><\/div><div class=\"forminator-row\"><div id=\"upload-1\" class=\"forminator-field-upload forminator-col forminator-col-12 \"><div class=\"forminator-field\"><label for=\"forminator-field-upload-1_69fd16825a1cd\" id=\"forminator-field-upload-1_69fd16825a1cd-label\" class=\"forminator-label\">Adjuntar documentaci\u00f3n de respaldo, en caso de denuncia es obligatorio.<\/label><div class=\"forminator-file-upload \" data-element=\"upload-1_69fd16825a1cd\"><input type=\"file\" name=\"upload-1\" id=\"forminator-field-upload-1_69fd16825a1cd\" class=\"forminator-input-file\" accept=\".jpg,.jpeg,.jpe,.gif,.png,.bmp,.tiff,.tif,.webp,.ico,.heic,.asf,.asx,.wmv,.wmx,.wm,.avi,.divx,.flv,.mov,.qt,.mpeg,.mpg,.mpe,.mp4,.m4v,.ogv,.webm,.mkv,.3gp,.3gpp,.3g2,.3gp2,.txt,.asc,.c,.cc,.h,.srt,.csv,.tsv,.ics,.rtx,.vtt,.mp3,.m4a,.m4b,.aac,.ra,.ram,.wav,.ogg,.oga,.flac,.mid,.midi,.wma,.wax,.mka,.rtf,.pdf,.class,.tar,.zip,.gz,.gzip,.7z,.psd,.xcf,.doc,.pot,.pps,.ppt,.wri,.xla,.xls,.xlt,.xlw,.mdb,.mpp,.docx,.docm,.dotx,.dotm,.xlsx,.xlsm,.xlsb,.xltx,.xltm,.xlam,.pptx,.pptm,.ppsx,.ppsm,.potx,.potm,.ppam,.sldx,.sldm,.onetoc,.onetoc2,.onetmp,.onepkg,.oxps,.xps,.odt,.odp,.ods,.odg,.odc,.odb,.odf,.wp,.wpd,.key,.numbers,.pages\" tabindex=\"-1\"><button id=\"forminator-field-upload-1_69fd16825a1cd_button\" class=\"forminator-button forminator-button-upload\" data-id=\"forminator-field-upload-1_69fd16825a1cd\">Elegir archivo<\/button><span data-empty-text=\"Ning\u00fan archivo seleccionado\">Ning\u00fan archivo seleccionado<\/span><button class=\"forminator-button-delete\" style=\"display: none;\"><i class=\"forminator-icon-close\" aria-hidden=\"true\"><\/i><span class=\"forminator-screen-reader-only\">Eliminar el archivo subido<\/span><\/button><\/div><\/div><\/div><\/div><input type=\"hidden\" name=\"referer_url\" value=\"\" \/><div class=\"forminator-row forminator-row-last\"><div class=\"forminator-col\"><div class=\"forminator-field\"><button class=\"forminator-button forminator-button-submit\">Enviar mensaje<\/button><\/div><\/div><\/div><input type=\"hidden\" id=\"forminator_nonce\" name=\"forminator_nonce\" value=\"13edda52d4\" \/><input type=\"hidden\" name=\"_wp_http_referer\" value=\"\/wordpress_F\/wp-json\/wp\/v2\/pages\/184\" \/><input type=\"hidden\" name=\"form_id\" value=\"53\"><input type=\"hidden\" name=\"page_id\" value=\"184\"><input type=\"hidden\" name=\"form_type\" value=\"default\"><input type=\"hidden\" name=\"current_url\" value=\"https:\/\/bomberosambato.gob.ec\/wordpress_F\/sugerencias\/\"><input type=\"hidden\" name=\"render_id\" value=\"0\"><input type=\"hidden\" name=\"action\" value=\"forminator_submit_form_custom-forms\"><\/form><\/h2>\n","protected":false},"excerpt":{"rendered":"","protected":false},"author":1,"featured_media":0,"parent":0,"menu_order":0,"comment_status":"closed","ping_status":"closed","template":"elementor_header_footer","meta":{"_et_pb_use_builder":"","_et_pb_old_content":"","_et_gb_content_width":"","footnotes":""},"class_list":["post-184","page","type-page","status-publish","hentry"],"featured_image_src":null,"yoast_head":"<!-- This site is optimized with the Yoast SEO plugin v27.5 - https:\/\/yoast.com\/product\/yoast-seo-wordpress\/ -->\n<title>Sugerencias -<\/title>\n<meta name=\"robots\" content=\"index, follow, max-snippet:-1, max-image-preview:large, max-video-preview:-1\" \/>\n<link rel=\"canonical\" href=\"https:\/\/bomberosambato.gob.ec\/wordpress_F\/sugerencias\/\" \/>\n<meta property=\"og:locale\" content=\"es_ES\" \/>\n<meta property=\"og:type\" content=\"article\" \/>\n<meta property=\"og:title\" content=\"Sugerencias -\" \/>\n<meta property=\"og:url\" content=\"https:\/\/bomberosambato.gob.ec\/wordpress_F\/sugerencias\/\" \/>\n<meta property=\"article:publisher\" content=\"https:\/\/www.facebook.com\/CuerpodeBomberosdeAmbato\" \/>\n<meta property=\"article:modified_time\" content=\"2023-12-04T13:21:58+00:00\" \/>\n<meta name=\"twitter:card\" content=\"summary_large_image\" \/>\n<meta name=\"twitter:site\" content=\"@cbambato\" \/>\n<meta name=\"twitter:label1\" content=\"Tiempo de lectura\" \/>\n\t<meta name=\"twitter:data1\" content=\"1 minuto\" \/>\n<script type=\"application\/ld+json\" class=\"yoast-schema-graph\">{\"@context\":\"https:\\\/\\\/schema.org\",\"@graph\":[{\"@type\":\"WebPage\",\"@id\":\"https:\\\/\\\/bomberosambato.gob.ec\\\/wordpress_F\\\/sugerencias\\\/\",\"url\":\"https:\\\/\\\/bomberosambato.gob.ec\\\/wordpress_F\\\/sugerencias\\\/\",\"name\":\"Sugerencias -\",\"isPartOf\":{\"@id\":\"https:\\\/\\\/bomberosambato.gob.ec\\\/wordpress_F\\\/#website\"},\"datePublished\":\"2023-12-04T13:21:16+00:00\",\"dateModified\":\"2023-12-04T13:21:58+00:00\",\"breadcrumb\":{\"@id\":\"https:\\\/\\\/bomberosambato.gob.ec\\\/wordpress_F\\\/sugerencias\\\/#breadcrumb\"},\"inLanguage\":\"es\",\"potentialAction\":[{\"@type\":\"ReadAction\",\"target\":[\"https:\\\/\\\/bomberosambato.gob.ec\\\/wordpress_F\\\/sugerencias\\\/\"]}]},{\"@type\":\"BreadcrumbList\",\"@id\":\"https:\\\/\\\/bomberosambato.gob.ec\\\/wordpress_F\\\/sugerencias\\\/#breadcrumb\",\"itemListElement\":[{\"@type\":\"ListItem\",\"position\":1,\"name\":\"Portada\",\"item\":\"https:\\\/\\\/bomberosambato.gob.ec\\\/wordpress_F\\\/\"},{\"@type\":\"ListItem\",\"position\":2,\"name\":\"Sugerencias\"}]},{\"@type\":\"WebSite\",\"@id\":\"https:\\\/\\\/bomberosambato.gob.ec\\\/wordpress_F\\\/#website\",\"url\":\"https:\\\/\\\/bomberosambato.gob.ec\\\/wordpress_F\\\/\",\"name\":\"Cuerpo de Bomberos de Ambato\",\"description\":\"\",\"publisher\":{\"@id\":\"https:\\\/\\\/bomberosambato.gob.ec\\\/wordpress_F\\\/#organization\"},\"alternateName\":\"Bomberos Ambato\",\"potentialAction\":[{\"@type\":\"SearchAction\",\"target\":{\"@type\":\"EntryPoint\",\"urlTemplate\":\"https:\\\/\\\/bomberosambato.gob.ec\\\/wordpress_F\\\/?s={search_term_string}\"},\"query-input\":{\"@type\":\"PropertyValueSpecification\",\"valueRequired\":true,\"valueName\":\"search_term_string\"}}],\"inLanguage\":\"es\"},{\"@type\":\"Organization\",\"@id\":\"https:\\\/\\\/bomberosambato.gob.ec\\\/wordpress_F\\\/#organization\",\"name\":\"Cuerpo de Bomberos de Ambato\",\"url\":\"https:\\\/\\\/bomberosambato.gob.ec\\\/wordpress_F\\\/\",\"logo\":{\"@type\":\"ImageObject\",\"inLanguage\":\"es\",\"@id\":\"https:\\\/\\\/bomberosambato.gob.ec\\\/wordpress_F\\\/#\\\/schema\\\/logo\\\/image\\\/\",\"url\":\"https:\\\/\\\/bomberosambato.gob.ec\\\/wordpress_F\\\/wp-content\\\/uploads\\\/2023\\\/12\\\/cropped-cropped-logo3-e1637858223275.png\",\"contentUrl\":\"https:\\\/\\\/bomberosambato.gob.ec\\\/wordpress_F\\\/wp-content\\\/uploads\\\/2023\\\/12\\\/cropped-cropped-logo3-e1637858223275.png\",\"width\":200,\"height\":90,\"caption\":\"Cuerpo de Bomberos de Ambato\"},\"image\":{\"@id\":\"https:\\\/\\\/bomberosambato.gob.ec\\\/wordpress_F\\\/#\\\/schema\\\/logo\\\/image\\\/\"},\"sameAs\":[\"https:\\\/\\\/www.facebook.com\\\/CuerpodeBomberosdeAmbato\",\"https:\\\/\\\/x.com\\\/cbambato\"]}]}<\/script>\n<!-- \/ Yoast SEO plugin. -->","yoast_head_json":{"title":"Sugerencias -","robots":{"index":"index","follow":"follow","max-snippet":"max-snippet:-1","max-image-preview":"max-image-preview:large","max-video-preview":"max-video-preview:-1"},"canonical":"https:\/\/bomberosambato.gob.ec\/wordpress_F\/sugerencias\/","og_locale":"es_ES","og_type":"article","og_title":"Sugerencias -","og_url":"https:\/\/bomberosambato.gob.ec\/wordpress_F\/sugerencias\/","article_publisher":"https:\/\/www.facebook.com\/CuerpodeBomberosdeAmbato","article_modified_time":"2023-12-04T13:21:58+00:00","twitter_card":"summary_large_image","twitter_site":"@cbambato","twitter_misc":{"Tiempo de lectura":"1 minuto"},"schema":{"@context":"https:\/\/schema.org","@graph":[{"@type":"WebPage","@id":"https:\/\/bomberosambato.gob.ec\/wordpress_F\/sugerencias\/","url":"https:\/\/bomberosambato.gob.ec\/wordpress_F\/sugerencias\/","name":"Sugerencias -","isPartOf":{"@id":"https:\/\/bomberosambato.gob.ec\/wordpress_F\/#website"},"datePublished":"2023-12-04T13:21:16+00:00","dateModified":"2023-12-04T13:21:58+00:00","breadcrumb":{"@id":"https:\/\/bomberosambato.gob.ec\/wordpress_F\/sugerencias\/#breadcrumb"},"inLanguage":"es","potentialAction":[{"@type":"ReadAction","target":["https:\/\/bomberosambato.gob.ec\/wordpress_F\/sugerencias\/"]}]},{"@type":"BreadcrumbList","@id":"https:\/\/bomberosambato.gob.ec\/wordpress_F\/sugerencias\/#breadcrumb","itemListElement":[{"@type":"ListItem","position":1,"name":"Portada","item":"https:\/\/bomberosambato.gob.ec\/wordpress_F\/"},{"@type":"ListItem","position":2,"name":"Sugerencias"}]},{"@type":"WebSite","@id":"https:\/\/bomberosambato.gob.ec\/wordpress_F\/#website","url":"https:\/\/bomberosambato.gob.ec\/wordpress_F\/","name":"Cuerpo de Bomberos de Ambato","description":"","publisher":{"@id":"https:\/\/bomberosambato.gob.ec\/wordpress_F\/#organization"},"alternateName":"Bomberos Ambato","potentialAction":[{"@type":"SearchAction","target":{"@type":"EntryPoint","urlTemplate":"https:\/\/bomberosambato.gob.ec\/wordpress_F\/?s={search_term_string}"},"query-input":{"@type":"PropertyValueSpecification","valueRequired":true,"valueName":"search_term_string"}}],"inLanguage":"es"},{"@type":"Organization","@id":"https:\/\/bomberosambato.gob.ec\/wordpress_F\/#organization","name":"Cuerpo de Bomberos de Ambato","url":"https:\/\/bomberosambato.gob.ec\/wordpress_F\/","logo":{"@type":"ImageObject","inLanguage":"es","@id":"https:\/\/bomberosambato.gob.ec\/wordpress_F\/#\/schema\/logo\/image\/","url":"https:\/\/bomberosambato.gob.ec\/wordpress_F\/wp-content\/uploads\/2023\/12\/cropped-cropped-logo3-e1637858223275.png","contentUrl":"https:\/\/bomberosambato.gob.ec\/wordpress_F\/wp-content\/uploads\/2023\/12\/cropped-cropped-logo3-e1637858223275.png","width":200,"height":90,"caption":"Cuerpo de Bomberos de Ambato"},"image":{"@id":"https:\/\/bomberosambato.gob.ec\/wordpress_F\/#\/schema\/logo\/image\/"},"sameAs":["https:\/\/www.facebook.com\/CuerpodeBomberosdeAmbato","https:\/\/x.com\/cbambato"]}]}},"_links":{"self":[{"href":"https:\/\/bomberosambato.gob.ec\/wordpress_F\/wp-json\/wp\/v2\/pages\/184","targetHints":{"allow":["GET"]}}],"collection":[{"href":"https:\/\/bomberosambato.gob.ec\/wordpress_F\/wp-json\/wp\/v2\/pages"}],"about":[{"href":"https:\/\/bomberosambato.gob.ec\/wordpress_F\/wp-json\/wp\/v2\/types\/page"}],"author":[{"embeddable":true,"href":"https:\/\/bomberosambato.gob.ec\/wordpress_F\/wp-json\/wp\/v2\/users\/1"}],"replies":[{"embeddable":true,"href":"https:\/\/bomberosambato.gob.ec\/wordpress_F\/wp-json\/wp\/v2\/comments?post=184"}],"version-history":[{"count":4,"href":"https:\/\/bomberosambato.gob.ec\/wordpress_F\/wp-json\/wp\/v2\/pages\/184\/revisions"}],"predecessor-version":[{"id":188,"href":"https:\/\/bomberosambato.gob.ec\/wordpress_F\/wp-json\/wp\/v2\/pages\/184\/revisions\/188"}],"wp:attachment":[{"href":"https:\/\/bomberosambato.gob.ec\/wordpress_F\/wp-json\/wp\/v2\/media?parent=184"}],"curies":[{"name":"wp","href":"https:\/\/api.w.org\/{rel}","templated":true}]}}